{"id":291,"date":"2021-05-06T11:06:46","date_gmt":"2021-05-06T09:06:46","guid":{"rendered":"https:\/\/frce.fr\/shop\/index.php\/produit\/import-placeholder-for-1288\/"},"modified":"2021-06-16T09:46:24","modified_gmt":"2021-06-16T07:46:24","slug":"sweat-classic-double-heart-orange","status":"publish","type":"product","link":"https:\/\/frce.fr\/shop\/produit\/sweat-classic-double-heart-orange\/","title":{"rendered":"SWEAT CLASSIC DOUBLE HEART ORANGE"},"content":{"rendered":"<div class=\"container section-title-container\" ><h3 class=\"section-title section-title-center\"><b><\/b><span class=\"section-title-main\" >Avis clients<\/span><b><\/b><\/h3><\/div>\n<div class=\"google-business-reviews-rating \">\r\n\t<h2 class=\"heading\"><span class=\"icon\"><img src=\"https:\/\/frce.fr\/shop\/wp-content\/uploads\/2021\/05\/Logo-FRCE-png.png\" alt=\"FRCE Icon\"><\/span>FRCE<\/h2>\r\n\t<p class=\"vicinity\">3 impasse de Man\u00e9 Salut za de Man\u00e9 Salut, Brech<\/p>\r\n\t<p class=\"rating\"><span class=\"number\">5,0<\/span> <span class=\"all-stars animate\"><span class=\"star\"><\/span><span class=\"star\"><\/span><span class=\"star\"><\/span><span class=\"star\"><\/span><span class=\"star\"><\/span><\/span> <a href=\"https:\/\/search.google.com\/local\/reviews?placeid=ChIJsUtCPgkVEEgR4at1kI0TAwY\" target=\"_blank\" rel=\"nofollow\" class=\"count\">2 avis<\/a><\/p>\r\n\t<ul class=\"listing\">\r\n\t\t<li class=\"rating-5\">\r\n\t\t\t<span class=\"author-avatar\"><a href=\"https:\/\/www.google.com\/maps\/contrib\/109409660202631596509\/reviews\" target=\"_blank\" rel=\"nofollow\"><img src=\"https:\/\/lh3.googleusercontent.com\/a\/AATXAJxVy0UPTafgirR82_YETWRDQUhFXgJgzbx6je9H=s128-c0x00000000-cc-rp-mo\" alt=\"Avatar\"><\/a><\/span>\r\n\t\t\t<span class=\"author-name\"><a href=\"https:\/\/www.google.com\/maps\/contrib\/109409660202631596509\/reviews\" target=\"_blank\" rel=\"nofollow\">Kevin Le Bouter<\/a><\/span>\r\n\t\t\t<span class=\"rating\">\u2605\u2605\u2605\u2605\u2605<\/span>\r\n\t\t\t<span class=\"relative-time-description\">il y a 2\u00a0mois<\/span>\r\n\t\t\t<div class=\"text\">Trop classe! \ud83d\udc4c<\/div>\r\n\t\t<\/li>\r\n\t\t<li class=\"rating-5\">\r\n\t\t\t<span class=\"author-avatar\"><a href=\"https:\/\/www.google.com\/maps\/contrib\/109013392614322212673\/reviews\" target=\"_blank\" rel=\"nofollow\"><img src=\"https:\/\/lh3.googleusercontent.com\/a\/AATXAJxYlPL9gEg_IXH2AQCxtBwr_W-v7OCXWfpYlDAp=s128-c0x00000000-cc-rp-mo\" alt=\"Avatar\"><\/a><\/span>\r\n\t\t\t<span class=\"author-name\"><a href=\"https:\/\/www.google.com\/maps\/contrib\/109013392614322212673\/reviews\" target=\"_blank\" rel=\"nofollow\">Pierre-antoine Gallacier<\/a><\/span>\r\n\t\t\t<span class=\"rating\">\u2605\u2605\u2605\u2605\u2605<\/span>\r\n\t\t\t<span class=\"relative-time-description\">il y a un mois<\/span>\r\n\t\t\t<div class=\"text\">Pas encore achet\u00e9, mais \u00e7a devrai pas tarder !!<\/div>\r\n\t\t<\/li>\r\n\t<\/ul>\r\n\t<p class=\"attribution\"><span class=\"powered-by-google\" title=\"Powered by Google\"><\/span><\/p>\r\n<\/div>\r\n\n<a rel=\"noopener noreferrer\" href=\"https:\/\/search.google.com\/local\/reviews?placeid=ChIJsUtCPgkVEEgR4at1kI0TAwY\" target=\"_blank\" class=\"button primary is-outline\"  style=\"border-radius:10px;\">\n    <span>TOUS LES AVIS<\/span>\n  <\/a>\n\n<a rel=\"noopener noreferrer\" href=\"https:\/\/search.google.com\/local\/writereview?placeid=ChIJsUtCPgkVEEgR4at1kI0TAwY\" target=\"_blank\" class=\"button primary\"  style=\"border-radius:10px;\">\n    <span>\u00e9crire un avis<\/span>\n  <\/a>\n\n\t<div id=\"gap-1478780926\" class=\"gap-element clearfix\" style=\"display:block; height:auto;\">\n\t\t\n<style>\n#gap-1478780926 {\n  padding-top: 20px;\n}\n<\/style>\n\t<\/div>\n\t\n","protected":false},"excerpt":{"rendered":"\t<div id=\"gap-67623778\" class=\"gap-element clearfix\" style=\"display:block; height:auto;\">\n\t\t\n<style>\n#gap-67623778 {\n  padding-top: 20px;\n}\n<\/style>\n\t<\/div>\n\t\n<a class=\"button primary is-xsmall expand\"  style=\"border-radius:10px;\">\n    <span>Soutient le d\u00e9veloppement de la ride\/sports extr\u00eames<\/span>\n  <\/a>\n\n<p style=\"text-align: justify;\"><span style=\"font-weight: 400;\">Ce sweat a \u00e9t\u00e9 con\u00e7u pour vous garder au chaud durant une session de ride, de sport extr\u00eame, comme au quotidien.<\/span><\/p>\n<p style=\"text-align: justify;\"><span style=\"font-weight: 400;\">Doux et chaud, la conception du sweat FRCE assure un confort total, dans un style d\u00e9contract\u00e9.<br \/>\nQuant<\/span><span style=\"font-weight: 400;\"> aux motifs, ils repr\u00e9sentent graphiquement l\u2019inspiration streetwear des sports extr\u00eames et de la ride.<br \/>\n<\/span><\/p>\n<p style=\"text-align: justify;\"><span style=\"font-weight: 400;\">Il est garanti sans substances nocives pour la sant\u00e9 et l\u2019environnement, tout en \u00e9tant durable dans le temps.<\/span><\/p>\n<p>&nbsp;<\/p>\n<div class=\"accordion\" rel=\"\">\n<div class=\"accordion-item\"><a href=\"#\" class=\"accordion-title plain\"><button class=\"toggle\"><i class=\"icon-angle-down\"><\/i><\/button><span>Avantages Produit<\/span><\/a><div class=\"accordion-inner\">\n<ul>\n<li>V\u00eatements pr\u00e9-r\u00e9tr\u00e9cis<\/li>\n<li>Certifi\u00e9 sans substances nocives<\/li>\n<li>Grammage haut de gamme 300 g\/m\u00b2 : excellente long\u00e9vit\u00e9 et aspect de qualit\u00e9<\/li>\n<li>Tissu plus pur, doux et agr\u00e9able \u00e0 porter qu&#8217;un coton traditionnel (coton peign\u00e9)<\/li>\n<li>Fil polyester solide, facile d&#8217;entretien, r\u00e9sistant au froissage\/lavage<\/li>\n<\/ul>\n<\/div><\/div>\n<div class=\"accordion-item\"><a href=\"#\" class=\"accordion-title plain\"><button class=\"toggle\"><i class=\"icon-angle-down\"><\/i><\/button><span>Taille, coupe et entretien<\/span><\/a><div class=\"accordion-inner\">\n<ul>\n<li>Le mod\u00e8le porte une taille S et mesure 165 cm<\/li>\n<li>Coupe standard pour une tenue d\u00e9contract\u00e9e<\/li>\n<li><span style=\"font-weight: 400;\">Lavage en machine jusqu&#8217;\u00e0 60\u00b0 (laver \u00e0 l&#8217;envers)<\/span><\/li>\n<\/ul>\n<\/div><\/div>\n<div class=\"accordion-item\"><a href=\"#\" class=\"accordion-title plain\"><button class=\"toggle\"><i class=\"icon-angle-down\"><\/i><\/button><span>D\u00e9tails produit<\/span><\/a><div class=\"accordion-inner\">\n<ul>\n<li style=\"font-weight: 400;\" aria-level=\"1\"><span style=\"font-weight: 400;\">80 % coton, 20% polyester<\/span><\/li>\n<li style=\"font-weight: 400;\" aria-level=\"1\"><span style=\"font-weight: 400;\">Doublure de la capuche : nid d&#8217;abeille avec cordon de serrage<\/span><\/li>\n<li style=\"font-weight: 400;\" aria-level=\"1\"><span style=\"font-weight: 400;\">Molleton gratt\u00e9 3 fils en coton peign\u00e9\u00a0<\/span><\/li>\n<li style=\"font-weight: 400;\" aria-level=\"1\"><span style=\"font-weight: 400;\">Finition bord-c\u00f4te poignets et de bas de v\u00eatement<\/span><\/li>\n<\/ul>\n<\/div><\/div>\n<\/div>\n<p>&nbsp;<\/p>\n","protected":false},"featured_media":340,"comment_status":"open","ping_status":"closed","template":"","meta":[],"_links":{"self":[{"href":"https:\/\/frce.fr\/shop\/wp-json\/wp\/v2\/product\/291"}],"collection":[{"href":"https:\/\/frce.fr\/shop\/wp-json\/wp\/v2\/product"}],"about":[{"href":"https:\/\/frce.fr\/shop\/wp-json\/wp\/v2\/types\/product"}],"replies":[{"embeddable":true,"href":"https:\/\/frce.fr\/shop\/wp-json\/wp\/v2\/comments?post=291"}],"wp:featuredmedia":[{"embeddable":true,"href":"https:\/\/frce.fr\/shop\/wp-json\/wp\/v2\/media\/340"}],"wp:attachment":[{"href":"https:\/\/frce.fr\/shop\/wp-json\/wp\/v2\/media?parent=291"}],"curies":[{"name":"wp","href":"https:\/\/api.w.org\/{rel}","templated":true}]}}